{"id":11,"date":"2022-09-05T23:28:28","date_gmt":"2022-09-05T23:28:28","guid":{"rendered":"https:\/\/vitaebusinessconsulting.cl\/?page_id=11"},"modified":"2022-09-05T23:36:05","modified_gmt":"2022-09-05T23:36:05","slug":"vitae-business-consulting","status":"publish","type":"page","link":"https:\/\/vitaebusinessconsulting.cl\/","title":{"rendered":"Vitae Business Consulting"},"content":{"rendered":"\n<p>Desarrolla tu negocio de manera colosal<\/p>\n\n\n\n<div class=\"wp-block-cover is-light\"><span aria-hidden=\"true\" class=\"wp-block-cover__background has-background-dim\"><\/span><img loading=\"lazy\" decoding=\"async\" width=\"1024\" height=\"683\" class=\"wp-block-cover__image-background wp-image-14\" alt=\"\" src=\"https:\/\/vitaebusinessconsulting.cl\/wp-content\/uploads\/2022\/09\/healthy-products-plastic-containers-1024x683.jpg\" data-object-fit=\"cover\" srcset=\"https:\/\/vitaebusinessconsulting.cl\/wp-content\/uploads\/2022\/09\/healthy-products-plastic-containers-1024x683.jpg 1024w, https:\/\/vitaebusinessconsulting.cl\/wp-content\/uploads\/2022\/09\/healthy-products-plastic-containers-300x200.jpg 300w, https:\/\/vitaebusinessconsulting.cl\/wp-content\/uploads\/2022\/09\/healthy-products-plastic-containers-768x513.jpg 768w, https:\/\/vitaebusinessconsulting.cl\/wp-content\/uploads\/2022\/09\/healthy-products-plastic-containers-1536x1025.jpg 1536w, https:\/\/vitaebusinessconsulting.cl\/wp-content\/uploads\/2022\/09\/healthy-products-plastic-containers-2048x1367.jpg 2048w\" sizes=\"auto, (max-width: 1024px) 100vw, 1024px\" \/><div class=\"wp-block-cover__inner-container is-layout-flow wp-block-cover-is-layout-flow\">\n<p class=\"has-text-align-center has-white-color has-text-color has-large-font-size\">Estrategia e Innovaci\u00f3n, las palancas del crecimiento de tu negocio<\/p>\n<\/div><\/div>\n\n\n\n<p class=\"has-text-align-center\">En Vitae Business Consulting nuestro prop\u00f3sito est\u00e1 en torno a lograr que las empresas logren crecimientos colosales a trav\u00e9s de la estrategia e innovaci\u00f3n. Nos enfocamos en la estrategia paso a paso y en la ejecuci\u00f3n desde una perspectiva integral, es decir acompa\u00f1ando en el desarrollo estrat\u00e9gico y siendo parte de la implementaci\u00f3n del plan trazado. Damos a nuestros clientes un amplio rango de soluciones innovadoras a trav\u00e9s de tecnolog\u00edas, modelos de negocio o productos innovadores.<\/p>\n","protected":false},"excerpt":{"rendered":"<p>Desarrolla tu negocio de manera colosal En Vitae Business Consulting nuestro prop\u00f3sito est\u00e1 en torno a lograr que las empresas logren crecimientos colosales a trav\u00e9s [&hellip;]<\/p>\n","protected":false},"author":1,"featured_media":0,"parent":0,"menu_order":0,"comment_status":"closed","ping_status":"closed","template":"","meta":{"footnotes":""},"class_list":["post-11","page","type-page","status-publish","hentry"],"_links":{"self":[{"href":"https:\/\/vitaebusinessconsulting.cl\/index.php\/wp-json\/wp\/v2\/pages\/11","targetHints":{"allow":["GET"]}}],"collection":[{"href":"https:\/\/vitaebusinessconsulting.cl\/index.php\/wp-json\/wp\/v2\/pages"}],"about":[{"href":"https:\/\/vitaebusinessconsulting.cl\/index.php\/wp-json\/wp\/v2\/types\/page"}],"author":[{"embeddable":true,"href":"https:\/\/vitaebusinessconsulting.cl\/index.php\/wp-json\/wp\/v2\/users\/1"}],"replies":[{"embeddable":true,"href":"https:\/\/vitaebusinessconsulting.cl\/index.php\/wp-json\/wp\/v2\/comments?post=11"}],"version-history":[{"count":2,"href":"https:\/\/vitaebusinessconsulting.cl\/index.php\/wp-json\/wp\/v2\/pages\/11\/revisions"}],"predecessor-version":[{"id":23,"href":"https:\/\/vitaebusinessconsulting.cl\/index.php\/wp-json\/wp\/v2\/pages\/11\/revisions\/23"}],"wp:attachment":[{"href":"https:\/\/vitaebusinessconsulting.cl\/index.php\/wp-json\/wp\/v2\/media?parent=11"}],"curies":[{"name":"wp","href":"https:\/\/api.w.org\/{rel}","templated":true}]}}